{"id":29,"date":"2014-02-01T22:56:54","date_gmt":"2014-02-01T20:56:54","guid":{"rendered":"http:\/\/www.labyrinth-shg.de\/?page_id=29"},"modified":"2026-03-04T17:28:57","modified_gmt":"2026-03-04T16:28:57","slug":"impressum","status":"publish","type":"page","link":"https:\/\/www.labyrinth-shg.de\/?page_id=29","title":{"rendered":"Impressum"},"content":{"rendered":"<p><strong>\u201eLabyrinth&#8220; \u2013 Selbsthilfegruppe f\u00fcr Alzheimer- und Demenzkrankheiten<\/strong><\/p>\n<p>Hans-Sachs-Str. 1,<br \/>\n42281 Wuppertal<\/p>\n<p>Telefon: 0202 &#8211; 40869739<br \/>\neMail: post@labyrinth-shg.de<\/p>\n<p>Ansprechpartner: Rolf-J\u00fcrgen Sch\u00e4fer<\/p>\n<p><strong>Verantwortlich f\u00fcr den Inhalt<\/strong> (gem\u00e4\u00df \u00a7 18 Abs. 2 MStV):<br \/>\nRolf-J\u00fcrgen Sch\u00e4fer<br \/>\nWuppertal<\/p>\n<p><strong>Realisierung der Website<\/strong>\u00a0(Setup Website und Beratung):\u00a0<a href=\"http:\/\/www.toni-clasen.de\/\" target=\"_blank\" rel=\"noopener\"><br \/>\n<\/a><a href=\"http:\/\/www.portunity.de\/website-service\">Portunity Website Service, Wuppertal<\/a><\/p>\n<p><a href=\"http:\/\/www.portunity.de\/hosting\/produkte.html\" target=\"_blank\" rel=\"noopener\"><img decoding=\"async\" loading=\"lazy\" class=\"alignnone\" style=\"width: 160px !important; height: 150px !important;\" src=\"http:\/\/www.labyrinth-shg.de\/wp-content\/uploads\/2014\/02\/portunity-gruener-strom.png\" alt=\"portunity-gruener-strom\" width=\"160\" height=\"150\" \/><\/a><\/p>\n<p><strong>Haftungshinweis:<\/strong><br \/>\nTrotz sorgf\u00e4ltiger inhaltlicher Kontrolle \u00fcbernehmen wir keine Haftung f\u00fcr die Inhalte externer Links. F\u00fcr den Inhalt der verlinkten Seiten sind ausschlie\u00dflich deren Betreiber verantwortlich. Bitte beachten Sie auch unsere Informationen zu Datenschutz und Haftungsausschluss im Disclaimer.<\/p>\n<h2>Quellennachweis f\u00fcr Fotos und Grafiken:<\/h2>\n<p>Fotolia 1886688_S, 60872295_S, 53208421_S, 60499580_XS, 60499527_XS, 60381606_S, 52727001_S,\u00a056553661_S,\u00a047925524_S, 48898215_S und weitere<strong><br \/>\n<\/strong><\/p>\n<p lang=\"de-DE\" align=\"LEFT\">Die Lizensierung f\u00fcr dieses Projekt wird \u00fcber die Agentur Portunity GmbH durchgef\u00fchrt.<\/p>\n<h2>Andere Quellen:<\/h2>\n<p><a title=\"Deutsche Alzheimer Gesellschaft e. V.\" href=\"http:\/\/www.deutsche-alzheimer.de\/\" target=\"_blank\" rel=\"noopener\">Deutsche Alzheimer Gesellschaft e. V.<\/a><br \/>\n<a title=\"Alzheimer Forschung Initiative e. V.\" href=\"http:\/\/www.alzheimer-forschung.de\/\" target=\"_blank\" rel=\"noopener\">Alzheimer Forschung Initiative e. V.<\/a><br \/>\n<a title=\"Wikipedia - Die freie Enzyklop\u00e4die\" href=\"http:\/\/www.wikipedia.de\/\" target=\"_blank\" rel=\"noopener\">WIKIMEDIA DEUTSCHLAND<\/a><br \/>\n<a title=\"Deutsches Institut f\u00fcr medizinische Forschung und Information (DIMDI)\" href=\"http:\/\/www.bfarm.de\/DE\/Home\/_node.html\" target=\"_blank\" rel=\"noopener\">Bundesinstitut f\u00fcr Arzneimittel und Medizinprodukte (BfArM, vormals DIMDI) <\/a><br \/>\n<a title=\"Bundesministerium der Justiz\" href=\"https:\/\/www.bmj.de\/DE\/Startseite\/Startseite_node.html\" target=\"_blank\" rel=\"noopener\">Bundesministerium der Justiz<\/a><br \/>\n<a title=\"Bergische Innovationsgesellschaft - Facebook\" href=\"https:\/\/de-de.facebook.com\/BergischeInnovation\" target=\"_blank\" rel=\"noopener\">Bergische Innovationsgesellschaft<\/a><br \/>\n<a title=\"Bergischer Betreuungsverein e. V.\" href=\"http:\/\/www.bergische-betreuung.de\/index.html\" target=\"_blank\" rel=\"noopener\">Bergischer Betreuungsverein e. V.<\/a><br \/>\n<a title=\"Seniorenstift festina lente Wuppertal-Barmen - WWW\" href=\"http:\/\/www.festina-lente.de\/\" target=\"_blank\" rel=\"noopener\">Seniorenstift festina lente Wuppertal-Barmen <\/a><\/p>\n<h2>Disclaimer:<\/h2>\n<p><strong>Haftung f\u00fcr Inhalte<\/strong><\/p>\n<p>Die Inhalte unserer Seiten wurden mit gr\u00f6\u00dfter Sorgfalt erstellt. F\u00fcr die Richtigkeit, Vollst\u00e4ndigkeit und Aktualit\u00e4t der Inhalte k\u00f6nnen wir jedoch keine Gew\u00e4hr \u00fcbernehmen. Als Diensteanbieter sind wir gem\u00e4\u00df \u00a7 7 Abs.1 TMG f\u00fcr eigene Inhalte auf diesen Seiten nach den allgemeinen Gesetzen verantwortlich. Nach \u00a7\u00a7 8 bis 10 TMG sind wir als Diensteanbieter jedoch nicht verpflichtet, \u00fcbermittelte oder gespeicherte fremde Informationen zu \u00fcberwachen oder nach Umst\u00e4nden zu forschen, die auf eine rechtswidrige T\u00e4tigkeit hinweisen. Verpflichtungen zur Entfernung oder Sperrung der Nutzung von Informationen nach den allgemeinen Gesetzen bleiben hiervon unber\u00fchrt. Eine diesbez\u00fcgliche Haftung ist jedoch erst ab dem Zeitpunkt der Kenntnis einer konkreten Rechtsverletzung m\u00f6glich. Bei Bekanntwerden von entsprechenden Rechtsverletzungen werden wir diese Inhalte umgehend entfernen.<\/p>\n<p><strong>Haftung f\u00fcr Links<\/strong><\/p>\n<p>Unser Angebot enth\u00e4lt Links zu externen Webseiten Dritter, auf deren Inhalte wir keinen Einfluss haben. Deshalb k\u00f6nnen wir f\u00fcr diese fremden Inhalte auch keine Gew\u00e4hr \u00fcbernehmen. F\u00fcr die Inhalte der verlinkten Seiten ist stets der jeweilige Anbieter oder Betreiber der Seiten verantwortlich. Die verlinkten Seiten wurden zum Zeitpunkt der Verlinkung auf m\u00f6gliche Rechtsverst\u00f6\u00dfe \u00fcberpr\u00fcft. Rechtswidrige Inhalte waren zum Zeitpunkt der Verlinkung nicht erkennbar. Eine permanente inhaltliche Kontrolle der verlinkten Seiten ist jedoch ohne konkrete Anhaltspunkte einer Rechtsverletzung nicht zumutbar. Bei Bekanntwerden von Rechtsverletzungen werden wir derartige Links umgehend entfernen.<\/p>\n<p><strong>Urheberrecht<\/strong><\/p>\n<p>Die durch die Seitenbetreiber erstellten Inhalte und Werke auf diesen Seiten unterliegen dem deutschen Urheberrecht. Die Vervielf\u00e4ltigung, Bearbeitung, Verbreitung und jede Art der Verwertung au\u00dferhalb der Grenzen des Urheberrechtes bed\u00fcrfen der schriftlichen Zustimmung des jeweiligen Autors bzw. Erstellers. Downloads und Kopien dieser Seite sind nur f\u00fcr den privaten, nicht kommerziellen Gebrauch gestattet. Soweit die Inhalte auf dieser Seite nicht vom Betreiber erstellt wurden, werden die Urheberrechte Dritter beachtet. Insbesondere werden Inhalte Dritter als solche gekennzeichnet. Sollten Sie trotzdem auf eine Urheberrechtsverletzung aufmerksam werden, bitten wir um einen entsprechenden Hinweis. Bei Bekanntwerden von Rechtsverletzungen werden wir derartige Inhalte umgehend entfernen.<\/p>\n<p><strong>Datenschutz<\/strong><\/p>\n<p>Unsere Datenschutzerkl\u00e4rung finden Sie auf der Seite &#8222;<a title=\"Datenschutz\" href=\"http:\/\/www.labyrinth-shg.de\/?page_id=856\">Datenschutz<\/a>&#8222;<\/p>\n","protected":false},"excerpt":{"rendered":"<p>\u201eLabyrinth&#8220; \u2013 Selbsthilfegruppe f\u00fcr Alzheimer- und Demenzkrankheiten Hans-Sachs-Str. 1, 42281 Wuppertal Telefon: 0202 &#8211; 40869739 eMail: post@labyrinth-shg.de Ansprechpartner: Rolf-J\u00fcrgen Sch\u00e4fer Verantwortlich f\u00fcr den Inhalt (gem\u00e4\u00df \u00a7 18 Abs. 2 MStV): Rolf-J\u00fcrgen Sch\u00e4fer Wuppertal Realisierung der Website\u00a0(Setup Website und Beratung):\u00a0 Portunity Website Service, Wuppertal Haftungshinweis: Trotz sorgf\u00e4ltiger inhaltlicher Kontrolle \u00fcbernehmen wir keine Haftung f\u00fcr die Inhalte [&hellip;]<\/p>\n","protected":false},"author":1,"featured_media":0,"parent":0,"menu_order":0,"comment_status":"open","ping_status":"open","template":"","meta":[],"_links":{"self":[{"href":"https:\/\/www.labyrinth-shg.de\/index.php?rest_route=\/wp\/v2\/pages\/29"}],"collection":[{"href":"https:\/\/www.labyrinth-shg.de\/index.php?rest_route=\/wp\/v2\/pages"}],"about":[{"href":"https:\/\/www.labyrinth-shg.de\/index.php?rest_route=\/wp\/v2\/types\/page"}],"author":[{"embeddable":true,"href":"https:\/\/www.labyrinth-shg.de\/index.php?rest_route=\/wp\/v2\/users\/1"}],"replies":[{"embeddable":true,"href":"https:\/\/www.labyrinth-shg.de\/index.php?rest_route=%2Fwp%2Fv2%2Fcomments&post=29"}],"version-history":[{"count":41,"href":"https:\/\/www.labyrinth-shg.de\/index.php?rest_route=\/wp\/v2\/pages\/29\/revisions"}],"predecessor-version":[{"id":1430,"href":"https:\/\/www.labyrinth-shg.de\/index.php?rest_route=\/wp\/v2\/pages\/29\/revisions\/1430"}],"wp:attachment":[{"href":"https:\/\/www.labyrinth-shg.de\/index.php?rest_route=%2Fwp%2Fv2%2Fmedia&parent=29"}],"curies":[{"name":"wp","href":"https:\/\/api.w.org\/{rel}","templated":true}]}}