{"id":27,"date":"2014-02-01T22:56:40","date_gmt":"2014-02-01T20:56:40","guid":{"rendered":"http:\/\/www.labyrinth-shg.de\/?page_id=27"},"modified":"2018-05-21T00:56:26","modified_gmt":"2018-05-20T23:56:26","slug":"kontakt","status":"publish","type":"page","link":"https:\/\/www.labyrinth-shg.de\/?page_id=27","title":{"rendered":"Kontakt"},"content":{"rendered":"<p><strong>\u201eLabyrinth&#8220; \u2013 Selbsthilfegruppe f\u00fcr Alzheimer- und Demenzerkrankungen<\/strong><br \/>\nHans-Sachs-Str. 1 &#8211; 42281 Wuppertal<br \/>\nTelefon: 0202 &#8211; 40869739<br \/>\neMail:\u00a0\u00a0\u00a0\u00a0 <a title=\"Mitteilung an Labyrinth - Selbsthilfegruppe\" href=\"info@labyrinth-shg.de\" target=\"_blank\">info@labyrinth-shg.de<\/a><br \/>\nGerne k\u00f6nnen Sie auch unser Kontaktformular benutzen:<br \/>\n(Das Absenden des Formulars gilt als Genehmigung zur Verarbeitung Ihres Namens und Ihrer eMail-Adresse gem\u00e4\u00df unserer <a title=\"Datenschutz\" href=\"http:\/\/www.labyrinth-shg.de\/?page_id=856\" target=\"_blank\">Datenschutzerkl\u00e4rung<\/a>)<\/p>\n","protected":false},"excerpt":{"rendered":"<p>\u201eLabyrinth&#8220; \u2013 Selbsthilfegruppe f\u00fcr Alzheimer- und Demenzerkrankungen Hans-Sachs-Str. 1 &#8211; 42281 Wuppertal Telefon: 0202 &#8211; 40869739 eMail:\u00a0\u00a0\u00a0\u00a0 info@labyrinth-shg.de Gerne k\u00f6nnen Sie auch unser Kontaktformular benutzen: (Das Absenden des Formulars gilt als Genehmigung zur Verarbeitung Ihres Namens und Ihrer eMail-Adresse gem\u00e4\u00df unserer Datenschutzerkl\u00e4rung)<\/p>\n","protected":false},"author":1,"featured_media":0,"parent":0,"menu_order":0,"comment_status":"open","ping_status":"open","template":"template-contact.php","meta":[],"_links":{"self":[{"href":"https:\/\/www.labyrinth-shg.de\/index.php?rest_route=\/wp\/v2\/pages\/27"}],"collection":[{"href":"https:\/\/www.labyrinth-shg.de\/index.php?rest_route=\/wp\/v2\/pages"}],"about":[{"href":"https:\/\/www.labyrinth-shg.de\/index.php?rest_route=\/wp\/v2\/types\/page"}],"author":[{"embeddable":true,"href":"https:\/\/www.labyrinth-shg.de\/index.php?rest_route=\/wp\/v2\/users\/1"}],"replies":[{"embeddable":true,"href":"https:\/\/www.labyrinth-shg.de\/index.php?rest_route=%2Fwp%2Fv2%2Fcomments&post=27"}],"version-history":[{"count":9,"href":"https:\/\/www.labyrinth-shg.de\/index.php?rest_route=\/wp\/v2\/pages\/27\/revisions"}],"predecessor-version":[{"id":886,"href":"https:\/\/www.labyrinth-shg.de\/index.php?rest_route=\/wp\/v2\/pages\/27\/revisions\/886"}],"wp:attachment":[{"href":"https:\/\/www.labyrinth-shg.de\/index.php?rest_route=%2Fwp%2Fv2%2Fmedia&parent=27"}],"curies":[{"name":"wp","href":"https:\/\/api.w.org\/{rel}","templated":true}]}}