{"id":72,"date":"2014-02-02T01:45:22","date_gmt":"2014-02-01T23:45:22","guid":{"rendered":"http:\/\/www.labyrinth-shg.de\/?page_id=72"},"modified":"2026-02-09T16:09:28","modified_gmt":"2026-02-09T15:09:28","slug":"haeufig-gestellte-fragen","status":"publish","type":"page","link":"http:\/\/www.labyrinth-shg.de\/?page_id=72","title":{"rendered":"Selbsthilfe &#8211; H\u00e4ufig gestellte Fragen"},"content":{"rendered":"<h2><strong>Was ist eine Selbsthilfegruppe?<\/strong><\/h2>\n<p style=\"text-align: justify;\">Eine Selbsthilfegruppe ist ein Zusammenschluss von Menschen mit gleichartigen Problemen oder Anliegen, die als Gemeinschaft ihre Ziele leichter erreichen oder Probleme besser l\u00f6sen k\u00f6nnen, als es Einzelnen m\u00f6glich ist. Zweck einer Selbsthilfegruppe ist es, durch gegenseitigen Erfahrungsaustausch, Informationsangebote, Fortbildungen und vielf\u00e4ltige andere Ma\u00dfnahmen den Mitgliedern der Gruppe zu helfen.<\/p>\n<p style=\"text-align: justify;\">\u201eLabyrinth&#8220; bietet diese Hilfestellung Menschen an, die im <a title=\"Umgang mit Demenzkranken\" href=\"http:\/\/www.labyrinth-shg.de\/?page_id=207\" target=\"_blank\" rel=\"noopener\">Umgang mit Alzheimer- und Demenzkranken<\/a> sicherer werden wollen.<\/p>\n<h2><strong>Ist eine Selbsthilfegruppe f\u00fcr mich die richtige Hilfe?<\/strong><\/h2>\n<p style=\"text-align: justify;\">Darauf gibt es keine allgemeing\u00fcltige Antwort. Sprechen Sie uns an und lassen Sie sich beraten oder besuchen Sie unser <a title=\"Termine\" href=\"http:\/\/www.labyrinth-shg.de\/?page_id=35\" target=\"_blank\" rel=\"noopener\">Treffen<\/a>, um es \u201eauszuprobieren&#8220;.<\/p>\n<h2><strong>Wie finde ich die passende Gruppe f\u00fcr mich?<\/strong><\/h2>\n<p style=\"text-align: justify;\">Ausk\u00fcnfte \u00fcber Selbsthilfegruppen bekommen Sie bei Wohlfahrtsverb\u00e4nden und vielen \u00f6ffentlichen Einrichtungen, Krankenkassen, der Stadtverwaltung und den Suchmaschinen im Internet. Welche Selbsthilfegruppe zu Ihrer spezifischen Problemstellung passt, k\u00f6nnen Sie im Gespr\u00e4ch mit der Gruppe erfahren.<\/p>\n<h2><strong>Wie nehme ich als \u201eNeuling\u201d Kontakt zur Gruppe auf?<\/strong><\/h2>\n<p style=\"text-align: justify;\">\u201eAnruf gen\u00fcgt&#8220;, lautet die lapidare Antwort. \u201eLabyrinth&#8220; erreichen Sie auf vielen verschiedenen Wegen, die Ihnen in unserer Rubrik \u201e<a title=\"Kontakt\" href=\"http:\/\/www.labyrinth-shg.de\/?page_id=27\">Kontakte<\/a>&#8220; aufgezeigt werden.<\/p>\n<h2><strong>Was kostet die Teilnahme an der Selbsthilfegruppe?<\/strong><\/h2>\n<p style=\"text-align: justify;\">Die Teilnahme an unseren Treffen ist kostenlos und verpflichtet Sie zu nichts. Wenn Sie uns als Mitglied unterst\u00fctzen wollen, sind Sie herzlich willkommen. Beitr\u00e4ge oder andere finanzielle Belastungen fallen nicht an. Wir erwarten aber, dass die Mitglieder sich an der Arbeit der Gruppe beteiligen. \u00dcber Art und Umfang entscheiden Sie selbst.<\/p>\n<h2><strong>Wer leitet eine Selbsthilfegruppe?<\/strong><\/h2>\n<p style=\"text-align: justify;\">Nach der <a title=\"Satzung\" href=\"http:\/\/www.labyrinth-shg.de\/?page_id=23\">Satzung<\/a> unserer Selbsthilfegruppe \u201eLabyrinth&#8220; ist die Mitgliederversammlung das h\u00f6chste Entscheidungsgremium. Vertreten wird \u201eLabyrinth&#8220; durch den Vorstand, der aus dem Vorsitzenden, zwei stellvertretenden Vorsitzenden und der Schatzmeisterin besteht.<\/p>\n<h2><strong>Wie oft trifft sich die Selbsthilfegruppe?<\/strong><\/h2>\n<p style=\"text-align: justify;\">Wir treffen uns an jedem ersten Dienstag im Monat zur Vorstandssitzung. Daran schlie\u00dft sich um 18:00 Uhr das\u00a0 \u00f6ffentliche Treffen im \u201efestina lente&#8220; Seniorenstift, Hans-Sachs-Str. 1, 42281 Wuppertal, an.<\/p>\n<h2><strong>Wird das, was ich von mir preisgebe, vertraulich behandelt?<\/strong><\/h2>\n<p style=\"text-align: justify;\">Die Antwort lautet: ja, absolut! Der Erfolg unserer Arbeit basiert auf dem Vertrauen der Mitglieder und Teilnehmer. Wir k\u00f6nnen nur Menschen helfen, die offen ihre Probleme, \u00c4ngste und Sorgen aussprechen. Dazu brauchen sie die Gewissheit, sich \u201eanvertrauen&#8220; zu k\u00f6nnen. Verletzung der Vertraulichkeit entzieht unserer Gruppe die Existenzgrundlage und ist daher ein Tabu.<\/p>\n<h2><strong>Kann ich als Angeh\u00f6rige(r) an einer Gruppe teilnehmen?<\/strong><\/h2>\n<p style=\"text-align: justify;\">Gerade dann! Zielgruppe des \u201eLabyrinth&#8220; ist der Personenkreis, der als Angeh\u00f6rige(r), Freund(in) oder Pflegende(r) mit an Alzheimer oder Demenz erkrankten Menschen Kontakt hat.<\/p>\n<h2><strong>Wird die Selbsthilfegruppe finanziell unterst\u00fctzt?<\/strong><\/h2>\n<p style=\"text-align: justify;\">Unsere Arbeit wird vollst\u00e4ndig durch Spenden finanziert. Den Start unserer Selbsthilfegruppe haben Zusch\u00fcsse der kassenarten\u00fcbergreifenden Selbsthilfef\u00f6rderung gem\u00e4\u00df \u00a7 20 c SGB V f\u00fcr \u00f6rtliche Gruppen der Gesundheitsselbsthilfe in NRW gef\u00f6rdert. Diese Bandwurmformulierung bezeichnet die gesetzlich geregelte F\u00f6rderung durch die Krankenkassen. Dabei wird unterschieden zwischen der Grundf\u00f6rderung f\u00fcr die laufenden T\u00e4tigkeiten und der Projektf\u00f6rderung, mit der bestimmte zeitlich begrenzte Vorhaben unterst\u00fctzt werden. Inzwischen sind wir finanziell so gut ausgestattet, dass wir diese Leistungen nicht mehr in Anspruch nehmen. Insbesondere sind wir nicht abh\u00e4ngig von Unternehmen mit wirtschaftlichen Interessen.<\/p>\n<h2><strong>Wozu verpflichte ich mich, wenn ich an der Selbsthilfegruppe teilnehme?<\/strong><\/h2>\n<p style=\"text-align: justify;\">Als Teilnehmer der Treffen verpflichten Sie sich zu nichts. Wenn Ihnen unsere Arbeit gef\u00e4llt und Sie als Mitglied mitarbeiten wollen, erwarten wir Ihr Engagement in von Ihnen selbst zu bestimmendem Umfang.<\/p>\n<h2><strong>Was tut die Selbsthilfegruppe?<\/strong><\/h2>\n<p style=\"text-align: justify;\">\u201eLabyrinth&#8220; unterst\u00fctzt die Angeh\u00f6rigen dementiell Kranker mit den regelm\u00e4\u00dfigen Gespr\u00e4chsangeboten und individuellen Angeboten zum Gedankenaustausch, um die Erfahrungen derer, die vergleichbare Erlebnisse hatten, weiterzugeben.<\/p>\n<p style=\"text-align: justify;\">\u201eLabyrinth&#8220; unterst\u00fctzt ehrenamtlich die Arbeit des Seniorenstifts festina lente durch <a title=\"Unsere Aktivit\u00e4ten\" href=\"http:\/\/www.labyrinth-shg.de\/?page_id=369\" target=\"_blank\" rel=\"noopener\">Mitwirkung<\/a> bei Veranstaltungen, Vorbereitungen bei besonderen Anl\u00e4ssen und f\u00fchrt mit dem Seniorenstift gemeinsame Projekte durch, unter anderen die Adventsbasare.<\/p>\n<h2><strong>Wie kann ich die gute Sache unterst\u00fctzen?<\/strong><\/h2>\n<p>Da gibt es viele M\u00f6glichkeiten:<\/p>\n<ul>\n<li>Sie k\u00f6nnen uns bei unserer Arbeit, vor allem in den Projekten, tatkr\u00e4ftig helfen &#8211; Infos unter <a title=\"Mitarbeiten\" href=\"http:\/\/www.labyrinth-shg.de\/?page_id=21\">Mitarbeit<\/a><\/li>\n<li>Sie k\u00f6nnen Mitglied unserer Gruppe werden, damit unsere Hilfsangebote eine breitere und damit besser planbare Basis erhalten und<\/li>\n<li>Sie k\u00f6nnen mit einer <a title=\"Spenden\" href=\"http:\/\/www.labyrinth-shg.de\/?page_id=178\">Spende<\/a> unseren finanziellen Spielraum erweitern.<\/li>\n<\/ul>\n<p>Ihre Fragen beantwortet Ihnen gern unser <a title=\"Rolf-J\u00fcrgen Sch\u00e4fer\" href=\"http:\/\/www.labyrinth-shg.de\/?post_staff=grufti\">Ansprechpartner<\/a>.<\/p>\n","protected":false},"excerpt":{"rendered":"<p>Was ist eine Selbsthilfegruppe? Eine Selbsthilfegruppe ist ein Zusammenschluss von Menschen mit gleichartigen Problemen oder Anliegen, die als Gemeinschaft ihre Ziele leichter erreichen oder Probleme besser l\u00f6sen k\u00f6nnen, als es Einzelnen m\u00f6glich ist. Zweck einer Selbsthilfegruppe ist es, durch gegenseitigen Erfahrungsaustausch, Informationsangebote, Fortbildungen und vielf\u00e4ltige andere Ma\u00dfnahmen den Mitgliedern der Gruppe zu helfen. \u201eLabyrinth&#8220; bietet [&hellip;]<\/p>\n","protected":false},"author":1,"featured_media":0,"parent":0,"menu_order":0,"comment_status":"open","ping_status":"open","template":"","meta":[],"_links":{"self":[{"href":"http:\/\/www.labyrinth-shg.de\/index.php?rest_route=\/wp\/v2\/pages\/72"}],"collection":[{"href":"http:\/\/www.labyrinth-shg.de\/index.php?rest_route=\/wp\/v2\/pages"}],"about":[{"href":"http:\/\/www.labyrinth-shg.de\/index.php?rest_route=\/wp\/v2\/types\/page"}],"author":[{"embeddable":true,"href":"http:\/\/www.labyrinth-shg.de\/index.php?rest_route=\/wp\/v2\/users\/1"}],"replies":[{"embeddable":true,"href":"http:\/\/www.labyrinth-shg.de\/index.php?rest_route=%2Fwp%2Fv2%2Fcomments&post=72"}],"version-history":[{"count":31,"href":"http:\/\/www.labyrinth-shg.de\/index.php?rest_route=\/wp\/v2\/pages\/72\/revisions"}],"predecessor-version":[{"id":1406,"href":"http:\/\/www.labyrinth-shg.de\/index.php?rest_route=\/wp\/v2\/pages\/72\/revisions\/1406"}],"wp:attachment":[{"href":"http:\/\/www.labyrinth-shg.de\/index.php?rest_route=%2Fwp%2Fv2%2Fmedia&parent=72"}],"curies":[{"name":"wp","href":"https:\/\/api.w.org\/{rel}","templated":true}]}}