{"id":369,"date":"2014-03-15T23:02:36","date_gmt":"2014-03-15T22:02:36","guid":{"rendered":"http:\/\/www.labyrinth-shg.de\/?page_id=369"},"modified":"2026-02-10T01:50:47","modified_gmt":"2026-02-10T00:50:47","slug":"unsere-aktivitaeten","status":"publish","type":"page","link":"http:\/\/www.labyrinth-shg.de\/?page_id=369","title":{"rendered":"Unsere Aktivit\u00e4ten"},"content":{"rendered":"<h2>Was wir sonst noch tun<\/h2>\n<p style=\"text-align: justify;\">Unsere Mitglieder beteiligen sich an der Betreuung der Bewohner des Seniorenstifts <a title=\"festina lente Seniorenstift Wuppertal-Barmen - Internet\" href=\"http:\/\/www.festina-lente.de\" target=\"_blank\" rel=\"noopener\">festina lente<\/a>. Wir wirken unter anderem bei der Vorbereitung von Veranstaltungen mit und \u00fcbernehmen Aufgaben w\u00e4hrend der Veranstaltungen.<\/p>\n<h2 style=\"text-align: justify;\">Adventsbasare<\/h2>\n<p style=\"text-align: justify;\">Am 15. Novemder 2015 veranstalteten wir unseren ersten Adventsbasar im <a title=\"festina lente Seniorenstift Wuppertal-Barmen - Internet\" href=\"http:\/\/www.festina-lente.de\/\" target=\"_blank\" rel=\"noopener\">Seniorenstift festina lente<\/a>. Es gab ein erstklassiges Angebot an festen und fl\u00fcssigen Leckereien, viele sch\u00f6ne Dekorations- und Gebrauchsartikel und ein hervorragendes Musikprogramm mit <a href=\"https:\/\/www.gigmit.com\/dennis-harder\" target=\"_blank\" rel=\"noopener\">Dennis Harder<\/a> und dem\u00a0Harmonia-Duett,\u00a0der Konzertpianistin Irina Scherbakova und der <a href=\"https:\/\/de.wikipedia.org\/wiki\/Domra\" target=\"_blank\" rel=\"noopener\">Domra<\/a>-Virtuosin Vera Helmke. Am 22. November 2015 waren wir mit <a title=\"festina lente Seniorenstift Wuppertal-Barmen - Internet\" href=\"http:\/\/www.festina-lente.de\/\" target=\"_blank\" rel=\"noopener\">festina lente<\/a> auf dem Basar zugunsten des <a title=\"Website &quot;Hilfe f\u00fcr Krebskranke e. V.&quot;\" href=\"http:\/\/www.petrus-krankenhaus-wuppertal.de\/medizin\/kliniken\/innere-medizin-iii-haematologie-und-onkologie-palliativmedizin\/verein-hilfe-fuer-krebskranke\/\" target=\"_blank\" rel=\"noopener\">\u201eHilfe f\u00fcr Krebskranke e. V.&#8220;<\/a> im Petrus-Krankenhaus pr\u00e4sent. Am 12. und 13. Dezember hatten wir wir einen Stand auf dem stimmungsvollen Nikolausmarkt der <a title=\"Pauluskirche\" href=\"https:\/\/pauluskirche-wuppertal.de\/\" target=\"_blank\" rel=\"noopener\">Pauluskirche<\/a> in Wuppertal-Unterbarmen. Der folgende j\u00e4hrlich wiederkehrende Adventsbasar fand am 13. November 2016 statt. Er wurde von der Gruppe \u201eIrish Sonic&#8220; unter der Leitung des Tanzlehrers Frank Rieger\u00a0 mit einem irischen Steptanz nach Art des \u201eRiverdance&#8220; er\u00f6ffnet. Am Nachmittag waren Bewohner und G\u00e4ste begeistert und ger\u00fchrt von dem Auftritt des Kinderchors der Grundschule Eichenstra\u00dfe mit dem Chorleiter Andreas We\u00dfling, die uns auch am 19. November 2017 und 18. November 2018 auf unseren Adventsbasaren erfreut haben. Zum Adventsbasar am 17. November 2019 konnte bereits der vergr\u00f6\u00dferte Speisesaal genutzt werden. Bewohner und Besucher genossen sichtlich das erheblich verbesserte Platzangebot. Am 19. November 2023 fand nach der langen Unterbrechung durch Covid wieder ein Basar im Seniorenstift <a title=\"festina lente Seniorenstift Wuppertal-Barmen - Internet\" href=\"http:\/\/www.festina-lente.de\/\" target=\"_blank\" rel=\"noopener\">festina lente<\/a> statt. Der n\u00e4chste Adventsbasar ist f\u00fcr den 15. November 2026 geplant. Die Ank\u00fcndigung finden Sie <a href=\"http:\/\/www.labyrinth-shg.de\/?post_events=adventsbasar-2\" target=\"_blank\" rel=\"noopener\">hier<\/a>.<\/p>\n<p style=\"text-align: justify;\">Wir danken den Ehrenamtlichen, Angeh\u00f6rigen von Bewohnern des Seniorenstifts <a title=\"festina lente Seniorenstift Wuppertal-Barmen - Internet\" href=\"http:\/\/www.festina-lente.de\/\" target=\"_blank\" rel=\"noopener\">festina lente<\/a>, den Besch\u00e4ftigten der Einrichtung und nicht zuletzt den Bewohnern selbst f\u00fcr ihre Unterst\u00fctzung bei der Vorbereitung und Durchf\u00fchrung der Basare! Die Erl\u00f6se aus den Verk\u00e4ufen helfen uns bei der Verwirklichung unserer Ziele.<\/p>\n<p style=\"text-align: justify;\"><a href=\"http:\/\/www.labyrinth-shg.de\/wp-content\/uploads\/2015\/11\/Maskottchen3-klein.jpg\"><img decoding=\"async\" loading=\"lazy\" class=\"alignleft wp-image-679 size-full\" src=\"http:\/\/www.labyrinth-shg.de\/wp-content\/uploads\/2015\/11\/Maskottchen3-klein.jpg\" alt=\"Maskottchen\" width=\"200\" height=\"142\" \/><\/a><img decoding=\"async\" loading=\"lazy\" class=\"alignleft wp-image-678 size-full\" src=\"http:\/\/www.labyrinth-shg.de\/wp-content\/uploads\/2015\/11\/SB-Rentier6-klein.jpg\" alt=\"Schwebebahnrentier\" width=\"200\" height=\"142\" \/><\/p>\n<p style=\"text-align: justify;\">Diese exklusiv f\u00fcr \u201eLabyrinth&#8220; von Mathias Reich entworfenen Weihnachtskarten wurden oft verkauft, eine Neuauflage ist f\u00fcr die Basare im jetzt begonnenen Jahr geplant.<\/p>\n<p style=\"text-align: justify;\">Am 26. November 2017 hatten wir wieder nach einem Jahr Pause zusammen mit\u00a0<a title=\"festina lente Seniorenstift Wuppertal-Barmen - Internet\" href=\"http:\/\/www.festina-lente.de\/\" target=\"_blank\" rel=\"noopener\">festina lente<\/a> auf dem Basar zugunsten des <a title=\"Website &quot;Hilfe f\u00fcr Krebskranke e. V.&quot;\" href=\"http:\/\/www.petrus-krankenhaus-wuppertal.de\/medizin\/kliniken\/innere-medizin-iii-haematologie-und-onkologie-palliativmedizin\/verein-hilfe-fuer-krebskranke\/\" target=\"_blank\" rel=\"noopener\">\u201eHilfe f\u00fcr Krebskranke e. V.&#8220;<\/a> im Petrus-Krankenhaus in der Carnaper Stra\u00dfe einen Stand mit der gleichen Angebotspalette wie im Seniorenstift festina lente.<\/p>\n<h2 style=\"text-align: justify;\">CD mit dem Bewohnerchor des festina lente Seniorenstifts<\/h2>\n<p style=\"text-align: justify;\">Die Leiterin des\u00a0<a title=\"festina lente Seniorenstift Wuppertal-Barmen - Internet\" href=\"http:\/\/www.festina-lente.de\/\" target=\"_blank\" rel=\"noopener\">festina lente Seniorenstifts<\/a> hat einen Chor mit Bewohnern der Einrichtung gegr\u00fcndet. Der Eifer der Damen und Herren und die Erfolge des Chors bei Veranstaltungen und Festen des <a title=\"festina lente Seniorenstift Wuppertal-Barmen - Internet\" href=\"http:\/\/www.festina-lente.de\/\" target=\"_blank\" rel=\"noopener\">Seniorenstifts<\/a> f\u00fchrte die Leiterin des Hauses zu der Idee, einige Lieder des Chors auf CD aufzunehmen. Diese Idee haben wir im Rahmen eines Projekts umgesetzt. Der Sohn einer Bewohnerin nahm den Chor auf, mischte die Aufnahmen im heimischen Tonstudio ab und erstellte die Master-CD f\u00fcr das Presswerk. Das Cover wurde von einem professionellen Fotografen im Grafikstudio erstellt. Das Ergebnis ist die CD: \u201eWeihnachtslieder 2015\u201d des Chors unter dem Namen: \u201efestinas golden singers\u201d. Den S\u00e4ngern und allen an der Produktion beteiligten danken wir herzlich f\u00fcr ihre Unterst\u00fctzung!<\/p>\n<p style=\"text-align: justify;\">Aus dem Verkaufserl\u00f6s der CD konnten wir der Chorleiterin bei der Weihnachtsfeier einen symbolischen Scheck als \u201eStarthilfe\u201d zur Anschaffung eines elektronischen Klaviers \u00fcberreichen. Dieses Klavier wird das alte (leider h\u00e4ufig verstimmte) bei den Chorproben und -auftritten ersetzen und kann auf die Wohnbereiche zu weniger mobilen Bewohnern transportiert werden.<\/p>\n<p style=\"text-align: justify;\"><img decoding=\"async\" loading=\"lazy\" class=\"alignleft wp-image-682 size-full\" src=\"http:\/\/www.labyrinth-shg.de\/wp-content\/uploads\/2015\/11\/Cover-VS-kompl-w-e1448456972199.jpg\" alt=\"Weihnachts-CD\" width=\"200\" height=\"199\" \/><img decoding=\"async\" loading=\"lazy\" class=\"alignleft size-full wp-image-706\" src=\"http:\/\/www.labyrinth-shg.de\/wp-content\/uploads\/2016\/01\/Cover-RS-w-klein.jpg\" alt=\"Cover-RS-w-klein\" width=\"256\" height=\"199\" srcset=\"http:\/\/www.labyrinth-shg.de\/wp-content\/uploads\/2016\/01\/Cover-RS-w-klein.jpg 256w, http:\/\/www.labyrinth-shg.de\/wp-content\/uploads\/2016\/01\/Cover-RS-w-klein-200x155.jpg 200w\" sizes=\"(max-width: 256px) 100vw, 256px\" \/><img decoding=\"async\" loading=\"lazy\" class=\"alignright wp-image-708 size-full\" src=\"http:\/\/www.labyrinth-shg.de\/wp-content\/uploads\/2016\/01\/DSC_1444-w.jpg\" alt=\"DSC_1444-w\" width=\"184\" height=\"199\" \/><\/p>\n<h2><\/h2>\n<h2><\/h2>\n<h2><\/h2>\n<h2><\/h2>\n<h2 style=\"text-align: justify;\">Ein Stern f\u00fcr \u201eDoro\u201c<\/h2>\n<p>F\u00fcr ihre praktische Pr\u00fcfung hatte die K\u00fcchenfee des Seniorenstifts festina lente, \u201eDoro\u201c, sechs Mitglieder des \u201eLabyrinth\u201c zum Probeessen eingeladen. Die Pl\u00e4tze waren sehr begehrt, versprach man sich doch von der Einladung ein kulinarisches Highlight. Die Erwartungen wurden von dem Drei-G\u00e4nge-Men\u00fc sogar noch \u00fcbertroffen.<\/p>\n<p>Doro hat \u00fcbrigens ihre Pr\u00fcfung mit einer gehobenen \u201eZwei\u201c bestanden. Dazu von uns:<\/p>\n<h3>Herzlichen Gl\u00fcckwunsch!<\/h3>\n<p><a href=\"http:\/\/www.labyrinth-shg.de\/wp-content\/uploads\/2016\/07\/DSC_2535-w.jpg\"><img decoding=\"async\" loading=\"lazy\" class=\"alignleft size-medium wp-image-725\" src=\"http:\/\/www.labyrinth-shg.de\/wp-content\/uploads\/2016\/07\/DSC_2535-w-300x153.jpg\" alt=\"Doro in K\u00fcche\" width=\"300\" height=\"153\" srcset=\"http:\/\/www.labyrinth-shg.de\/wp-content\/uploads\/2016\/07\/DSC_2535-w-300x153.jpg 300w, http:\/\/www.labyrinth-shg.de\/wp-content\/uploads\/2016\/07\/DSC_2535-w-200x102.jpg 200w, http:\/\/www.labyrinth-shg.de\/wp-content\/uploads\/2016\/07\/DSC_2535-w.jpg 800w\" sizes=\"(max-width: 300px) 100vw, 300px\" \/><\/a> <a href=\"http:\/\/www.labyrinth-shg.de\/wp-content\/uploads\/2016\/07\/DSC_2543-w.jpg\"><img decoding=\"async\" loading=\"lazy\" class=\"alignleft size-medium wp-image-726\" src=\"http:\/\/www.labyrinth-shg.de\/wp-content\/uploads\/2016\/07\/DSC_2543-w-300x200.jpg\" alt=\"DSC_2543-w\" width=\"300\" height=\"200\" srcset=\"http:\/\/www.labyrinth-shg.de\/wp-content\/uploads\/2016\/07\/DSC_2543-w-300x200.jpg 300w, http:\/\/www.labyrinth-shg.de\/wp-content\/uploads\/2016\/07\/DSC_2543-w-200x133.jpg 200w, http:\/\/www.labyrinth-shg.de\/wp-content\/uploads\/2016\/07\/DSC_2543-w.jpg 800w\" sizes=\"(max-width: 300px) 100vw, 300px\" \/><\/a><\/p>\n<h2><img decoding=\"async\" loading=\"lazy\" class=\"alignleft size-medium wp-image-727\" src=\"http:\/\/www.labyrinth-shg.de\/wp-content\/uploads\/2016\/07\/DSC_2560-w-300x213.jpg\" alt=\"DSC_2560-w\" width=\"300\" height=\"213\" srcset=\"http:\/\/www.labyrinth-shg.de\/wp-content\/uploads\/2016\/07\/DSC_2560-w-300x213.jpg 300w, http:\/\/www.labyrinth-shg.de\/wp-content\/uploads\/2016\/07\/DSC_2560-w-200x142.jpg 200w, http:\/\/www.labyrinth-shg.de\/wp-content\/uploads\/2016\/07\/DSC_2560-w.jpg 800w\" sizes=\"(max-width: 300px) 100vw, 300px\" \/><\/h2>\n","protected":false},"excerpt":{"rendered":"<p>Was wir sonst noch tun Unsere Mitglieder beteiligen sich an der Betreuung der Bewohner des Seniorenstifts festina lente. Wir wirken unter anderem bei der Vorbereitung von Veranstaltungen mit und \u00fcbernehmen Aufgaben w\u00e4hrend der Veranstaltungen. Adventsbasare Am 15. Novemder 2015 veranstalteten wir unseren ersten Adventsbasar im Seniorenstift festina lente. Es gab ein erstklassiges Angebot an festen [&hellip;]<\/p>\n","protected":false},"author":1,"featured_media":0,"parent":0,"menu_order":0,"comment_status":"open","ping_status":"open","template":"","meta":[],"_links":{"self":[{"href":"http:\/\/www.labyrinth-shg.de\/index.php?rest_route=\/wp\/v2\/pages\/369"}],"collection":[{"href":"http:\/\/www.labyrinth-shg.de\/index.php?rest_route=\/wp\/v2\/pages"}],"about":[{"href":"http:\/\/www.labyrinth-shg.de\/index.php?rest_route=\/wp\/v2\/types\/page"}],"author":[{"embeddable":true,"href":"http:\/\/www.labyrinth-shg.de\/index.php?rest_route=\/wp\/v2\/users\/1"}],"replies":[{"embeddable":true,"href":"http:\/\/www.labyrinth-shg.de\/index.php?rest_route=%2Fwp%2Fv2%2Fcomments&post=369"}],"version-history":[{"count":149,"href":"http:\/\/www.labyrinth-shg.de\/index.php?rest_route=\/wp\/v2\/pages\/369\/revisions"}],"predecessor-version":[{"id":1421,"href":"http:\/\/www.labyrinth-shg.de\/index.php?rest_route=\/wp\/v2\/pages\/369\/revisions\/1421"}],"wp:attachment":[{"href":"http:\/\/www.labyrinth-shg.de\/index.php?rest_route=%2Fwp%2Fv2%2Fmedia&parent=369"}],"curies":[{"name":"wp","href":"https:\/\/api.w.org\/{rel}","templated":true}]}}