{"id":178,"date":"2014-02-18T00:25:31","date_gmt":"2014-02-17T23:25:31","guid":{"rendered":"http:\/\/www.labyrinth-shg.de\/?page_id=178"},"modified":"2026-02-10T02:00:29","modified_gmt":"2026-02-10T01:00:29","slug":"spenden","status":"publish","type":"page","link":"http:\/\/www.labyrinth-shg.de\/?page_id=178","title":{"rendered":"Spenden"},"content":{"rendered":"<h2>Gerne k\u00f6nnen Sie mit einer Spende unseren finanziellen Spielraum erweitern.<\/h2>\n<p style=\"text-align: justify;\"><em>Das Finanzamt Wuppertal-Barmen hat die Einhaltung der satzungsm\u00e4\u00dfigen Voraussetzungen nach den \u00a7\u00a7 51, 59, 60 und 61 AO festgestellt.<\/em><\/p>\n<h2>Unser Spendenkonto:<\/h2>\n<ul>\n<li><strong>Inhaber:<\/strong> Labyrinth Selbsthilfegruppe<\/li>\n<li><strong>Bank:<\/strong> Sparda Bank West e. G.,<\/li>\n<li><strong>IBAN:<\/strong> DE83 3706 0590 0005 9564 12,<\/li>\n<li><strong>BIC:<\/strong> GENODED1SPK<\/li>\n<\/ul>\n<h2>Verwendung von Spenden:<\/h2>\n<p style=\"text-align: justify;\">Alle F\u00f6rderungsmittel, Geld- und Sachzuwendungen werden ausschlie\u00dflich f\u00fcr die satzungsm\u00e4\u00dfigen Zwecke verwendet. Wir brauchen finanzielle Mittel f\u00fcr den laufenden Aufwand wie Porto, B\u00fcromaterial, Plakate, Flyer, Visitenkarten und nicht zuletzt den Betrieb und die Aktualisierung dieses Webauftritts. F\u00fcr Die Adventsbasare ben\u00f6tigen wir Tombola-Gewinne, Rohstoffe, Materialien und Werkzeuge zur Herstellung der angebotenen Produkte. Weitere Mittel sind f\u00fcr Kost\u00fcme und andere Ausstattungsgegenst\u00e4nde f\u00fcr Feste und Veranstaltungen f\u00fcr die Bewohner des Seniorenstifts festina lente aufzuwenden. Diese Aufz\u00e4hlung der entstehenden Kosten und der Mittelverwendung ist nicht vollst\u00e4ndig. Alle Einnahmen und Ausgaben werden festgehalten und dem Finanzamt und gegebenenfalls \u00f6ffentlichen Geldgebern als Verwendungsnachweis vorgelegt.<\/p>\n","protected":false},"excerpt":{"rendered":"<p>Gerne k\u00f6nnen Sie mit einer Spende unseren finanziellen Spielraum erweitern. Das Finanzamt Wuppertal-Barmen hat die Einhaltung der satzungsm\u00e4\u00dfigen Voraussetzungen nach den \u00a7\u00a7 51, 59, 60 und 61 AO festgestellt. Unser Spendenkonto: Inhaber: Labyrinth Selbsthilfegruppe Bank: Sparda Bank West e. G., IBAN: DE83 3706 0590 0005 9564 12, BIC: GENODED1SPK Verwendung von Spenden: Alle F\u00f6rderungsmittel, Geld- [&hellip;]<\/p>\n","protected":false},"author":1,"featured_media":186,"parent":0,"menu_order":0,"comment_status":"open","ping_status":"open","template":"","meta":[],"_links":{"self":[{"href":"http:\/\/www.labyrinth-shg.de\/index.php?rest_route=\/wp\/v2\/pages\/178"}],"collection":[{"href":"http:\/\/www.labyrinth-shg.de\/index.php?rest_route=\/wp\/v2\/pages"}],"about":[{"href":"http:\/\/www.labyrinth-shg.de\/index.php?rest_route=\/wp\/v2\/types\/page"}],"author":[{"embeddable":true,"href":"http:\/\/www.labyrinth-shg.de\/index.php?rest_route=\/wp\/v2\/users\/1"}],"replies":[{"embeddable":true,"href":"http:\/\/www.labyrinth-shg.de\/index.php?rest_route=%2Fwp%2Fv2%2Fcomments&post=178"}],"version-history":[{"count":15,"href":"http:\/\/www.labyrinth-shg.de\/index.php?rest_route=\/wp\/v2\/pages\/178\/revisions"}],"predecessor-version":[{"id":1427,"href":"http:\/\/www.labyrinth-shg.de\/index.php?rest_route=\/wp\/v2\/pages\/178\/revisions\/1427"}],"wp:featuredmedia":[{"embeddable":true,"href":"http:\/\/www.labyrinth-shg.de\/index.php?rest_route=\/wp\/v2\/media\/186"}],"wp:attachment":[{"href":"http:\/\/www.labyrinth-shg.de\/index.php?rest_route=%2Fwp%2Fv2%2Fmedia&parent=178"}],"curies":[{"name":"wp","href":"https:\/\/api.w.org\/{rel}","templated":true}]}}